{"id":7,"date":"2026-01-28T15:16:14","date_gmt":"2026-01-28T15:16:14","guid":{"rendered":"https:\/\/evapapucs.hu\/index.php\/kosar\/"},"modified":"2026-01-28T15:16:14","modified_gmt":"2026-01-28T15:16:14","slug":"kosar","status":"publish","type":"page","link":"https:\/\/evapapucs.hu\/index.php\/kosar\/","title":{"rendered":"Kos\u00e1r"},"content":{"rendered":"\n<div data-block-name=\"woocommerce\/cart\" class=\"wp-block-woocommerce-cart alignwide is-loading\">\n<div data-block-name=\"woocommerce\/filled-cart-block\" class=\"wp-block-woocommerce-filled-cart-block\">\n<div data-block-name=\"woocommerce\/cart-items-block\" class=\"wp-block-woocommerce-cart-items-block\">\n<div data-block-name=\"woocommerce\/cart-line-items-block\" class=\"wp-block-woocommerce-cart-line-items-block\"><\/div>\n\n\n<\/div>\n\n\n\n\n<div data-block-name=\"woocommerce\/cart-totals-block\" class=\"wp-block-woocommerce-cart-totals-block\">\n<div data-block-name=\"woocommerce\/cart-order-summary-block\" class=\"wp-block-woocommerce-cart-order-summary-block\">\n<div data-block-name=\"woocommerce\/cart-order-summary-heading-block\" class=\"wp-block-woocommerce-cart-order-summary-heading-block\"><\/div><div data-block-name=\"woocommerce\/cart-order-summary-coupon-form-block\" class=\"wp-block-woocommerce-cart-order-summary-coupon-form-block\"><\/div><div data-block-name=\"woocommerce\/cart-order-summary-totals-block\" class=\"wp-block-woocommerce-cart-order-summary-totals-block\">\n<div data-block-name=\"woocommerce\/cart-order-summary-subtotal-block\" class=\"wp-block-woocommerce-cart-order-summary-subtotal-block\"><\/div>\n<div data-block-name=\"woocommerce\/cart-order-summary-discount-block\" class=\"wp-block-woocommerce-cart-order-summary-discount-block\"><\/div>\n<div data-block-name=\"woocommerce\/cart-order-summary-fee-block\" class=\"wp-block-woocommerce-cart-order-summary-fee-block\"><\/div>\n<div data-block-name=\"woocommerce\/cart-order-summary-shipping-block\" class=\"wp-block-woocommerce-cart-order-summary-shipping-block\"><\/div>\n<div data-block-name=\"woocommerce\/cart-order-summary-taxes-block\" class=\"wp-block-woocommerce-cart-order-summary-taxes-block\"><\/div><\/div>\n<\/div>\n\n\n\n<div data-block-name=\"woocommerce\/cart-express-payment-block\" class=\"wp-block-woocommerce-cart-express-payment-block\"><\/div>\n\n\n\n<div data-block-name=\"woocommerce\/proceed-to-checkout-block\" class=\"wp-block-woocommerce-proceed-to-checkout-block\"><\/div>\n\n\n\n<div data-block-name=\"woocommerce\/cart-accepted-payment-methods-block\" class=\"wp-block-woocommerce-cart-accepted-payment-methods-block\"><\/div>\n<\/div>\n<\/div>\n\n\n\n<div data-block-name=\"woocommerce\/empty-cart-block\" class=\"wp-block-woocommerce-empty-cart-block\">\n<h2 class=\"wp-block-heading has-text-align-center with-empty-cart-icon wc-block-cart__empty-cart__title\">Jelenleg \u00fcres a kosarad.<\/h2>\n\n\n\n<hr class=\"wp-block-separator has-alpha-channel-opacity is-style-dots\"\/>\n\n\n\n<h2 class=\"wp-block-heading has-text-align-center\">\u00dajdons\u00e1gok<\/h2>\n\n\n<div data-block-name=\"woocommerce\/product-new\" data-columns=\"4\" data-rows=\"1\" class=\"wc-block-grid wp-block-product-new wp-block-woocommerce-product-new wc-block-product-new has-4-columns\"><ul class=\"wc-block-grid__products\"><li class=\"wc-block-grid__product\">\n\t\t\t\t<a href=\"https:\/\/evapapucs.hu\/index.php\/termek\/intelligent-steel-bottle\/\" class=\"wc-block-grid__product-link\">\n\t\t\t\t\t\n\t\t\t\t\t<div class=\"wc-block-grid__product-image\"><img fetchpriority=\"high\" decoding=\"async\" width=\"400\" height=\"400\" src=\"https:\/\/evapapucs.hu\/wp-content\/uploads\/2020\/10\/placeholder-600x600.jpg\" class=\"attachment-woocommerce_thumbnail size-woocommerce_thumbnail\" alt=\"Smartic\" srcset=\"https:\/\/evapapucs.hu\/wp-content\/uploads\/2020\/10\/placeholder-600x600.jpg 600w, https:\/\/evapapucs.hu\/wp-content\/uploads\/2020\/10\/placeholder-300x300.jpg 300w, https:\/\/evapapucs.hu\/wp-content\/uploads\/2020\/10\/placeholder-150x150.jpg 150w, https:\/\/evapapucs.hu\/wp-content\/uploads\/2020\/10\/placeholder-768x768.jpg 768w, https:\/\/evapapucs.hu\/wp-content\/uploads\/2020\/10\/placeholder-100x100.jpg 100w, https:\/\/evapapucs.hu\/wp-content\/uploads\/2020\/10\/placeholder-50x50.jpg 50w, https:\/\/evapapucs.hu\/wp-content\/uploads\/2020\/10\/placeholder.jpg 1000w\" sizes=\"(max-width: 400px) 100vw, 400px\" \/><\/div>\n\t\t\t\t\t<div class=\"wc-block-grid__product-title\">Intelligent Steel Bottle<\/div>\n\t\t\t\t<\/a>\n\t\t\t\t<div class=\"wc-block-grid__product-price price\"><span class=\"woocommerce-Price-amount amount\" aria-hidden=\"true\">314,89&nbsp;<span class=\"woocommerce-Price-currencySymbol\">&#070;&#116;<\/span><\/span> <span aria-hidden=\"true\">&ndash;<\/span> <span class=\"woocommerce-Price-amount amount\" aria-hidden=\"true\">983,12&nbsp;<span class=\"woocommerce-Price-currencySymbol\">&#070;&#116;<\/span><\/span><span class=\"screen-reader-text\">\u00c1rtartom\u00e1ny: 314,89&nbsp;&#070;&#116; &#8211; 983,12&nbsp;&#070;&#116;<\/span><\/div>\n\t\t\t\t\n\t\t\t\t<div class=\"wp-block-button wc-block-grid__product-add-to-cart\"><a href=\"https:\/\/evapapucs.hu\/index.php\/termek\/intelligent-steel-bottle\/\" aria-label=\"V\u00e1lasszunk &ldquo;Intelligent Steel Bottle&rdquo; lehet\u0151s\u00e9gek k\u00f6z\u00fcl\" data-quantity=\"1\" data-product_id=\"29516\" data-product_sku=\"\" data-price=\"314.89\" rel=\"nofollow\" class=\"wp-block-button__link  add_to_cart_button\">Opci\u00f3k v\u00e1laszt\u00e1sa<\/a><\/div>\n\t\t\t<\/li><li class=\"wc-block-grid__product\">\n\t\t\t\t<a href=\"https:\/\/evapapucs.hu\/index.php\/termek\/heavy-duty-marble-plate\/\" class=\"wc-block-grid__product-link\">\n\t\t\t\t\t\n\t\t\t\t\t<div class=\"wc-block-grid__product-image\"><img fetchpriority=\"high\" decoding=\"async\" width=\"400\" height=\"400\" src=\"https:\/\/evapapucs.hu\/wp-content\/uploads\/2020\/10\/placeholder-600x600.jpg\" class=\"attachment-woocommerce_thumbnail size-woocommerce_thumbnail\" alt=\"Smartic\" srcset=\"https:\/\/evapapucs.hu\/wp-content\/uploads\/2020\/10\/placeholder-600x600.jpg 600w, https:\/\/evapapucs.hu\/wp-content\/uploads\/2020\/10\/placeholder-300x300.jpg 300w, https:\/\/evapapucs.hu\/wp-content\/uploads\/2020\/10\/placeholder-150x150.jpg 150w, https:\/\/evapapucs.hu\/wp-content\/uploads\/2020\/10\/placeholder-768x768.jpg 768w, https:\/\/evapapucs.hu\/wp-content\/uploads\/2020\/10\/placeholder-100x100.jpg 100w, https:\/\/evapapucs.hu\/wp-content\/uploads\/2020\/10\/placeholder-50x50.jpg 50w, https:\/\/evapapucs.hu\/wp-content\/uploads\/2020\/10\/placeholder.jpg 1000w\" sizes=\"(max-width: 400px) 100vw, 400px\" \/><\/div>\n\t\t\t\t\t<div class=\"wc-block-grid__product-title\">Heavy Duty Marble Plate<\/div>\n\t\t\t\t<\/a>\n\t\t\t\t<div class=\"wc-block-grid__product-price price\"><span class=\"woocommerce-Price-amount amount\">578,10&nbsp;<span class=\"woocommerce-Price-currencySymbol\">&#070;&#116;<\/span><\/span><\/div>\n\t\t\t\t\n\t\t\t\t<div class=\"wp-block-button wc-block-grid__product-add-to-cart\"><a href=\"\/index.php\/wp-json\/wp\/v2\/pages\/7?add-to-cart=29515\" aria-label=\"Kos\u00e1rba: &ldquo;Heavy Duty Marble Plate&rdquo;\" data-quantity=\"1\" data-product_id=\"29515\" data-product_sku=\"heavy-duty-marble-plate-00746892\" data-price=\"578.1\" rel=\"nofollow\" class=\"wp-block-button__link  add_to_cart_button ajax_add_to_cart\">Kos\u00e1rba teszem<\/a><\/div>\n\t\t\t<\/li><li class=\"wc-block-grid__product\">\n\t\t\t\t<a href=\"https:\/\/evapapucs.hu\/index.php\/termek\/awesome-leather-shoes\/\" class=\"wc-block-grid__product-link\">\n\t\t\t\t\t\n\t\t\t\t\t<div class=\"wc-block-grid__product-image\"><img fetchpriority=\"high\" decoding=\"async\" width=\"400\" height=\"400\" src=\"https:\/\/evapapucs.hu\/wp-content\/uploads\/2020\/10\/placeholder-600x600.jpg\" class=\"attachment-woocommerce_thumbnail size-woocommerce_thumbnail\" alt=\"Smartic\" srcset=\"https:\/\/evapapucs.hu\/wp-content\/uploads\/2020\/10\/placeholder-600x600.jpg 600w, https:\/\/evapapucs.hu\/wp-content\/uploads\/2020\/10\/placeholder-300x300.jpg 300w, https:\/\/evapapucs.hu\/wp-content\/uploads\/2020\/10\/placeholder-150x150.jpg 150w, https:\/\/evapapucs.hu\/wp-content\/uploads\/2020\/10\/placeholder-768x768.jpg 768w, https:\/\/evapapucs.hu\/wp-content\/uploads\/2020\/10\/placeholder-100x100.jpg 100w, https:\/\/evapapucs.hu\/wp-content\/uploads\/2020\/10\/placeholder-50x50.jpg 50w, https:\/\/evapapucs.hu\/wp-content\/uploads\/2020\/10\/placeholder.jpg 1000w\" sizes=\"(max-width: 400px) 100vw, 400px\" \/><\/div>\n\t\t\t\t\t<div class=\"wc-block-grid__product-title\">Awesome Leather Shoes<\/div>\n\t\t\t\t<\/a>\n\t\t\t\t<div class=\"wc-block-grid__product-price price\"><span class=\"woocommerce-Price-amount amount\">889,26&nbsp;<span class=\"woocommerce-Price-currencySymbol\">&#070;&#116;<\/span><\/span><\/div>\n\t\t\t\t\n\t\t\t\t<div class=\"wp-block-button wc-block-grid__product-add-to-cart\"><a href=\"\/index.php\/wp-json\/wp\/v2\/pages\/7?add-to-cart=29514\" aria-label=\"Kos\u00e1rba: &ldquo;Awesome Leather Shoes&rdquo;\" data-quantity=\"1\" data-product_id=\"29514\" data-product_sku=\"awesome-leather-shoes-16662537\" data-price=\"889.26\" rel=\"nofollow\" class=\"wp-block-button__link  add_to_cart_button ajax_add_to_cart\">Kos\u00e1rba teszem<\/a><\/div>\n\t\t\t<\/li><li class=\"wc-block-grid__product\">\n\t\t\t\t<a href=\"https:\/\/evapapucs.hu\/index.php\/termek\/lightweight-iron-chair\/\" class=\"wc-block-grid__product-link\">\n\t\t\t\t\t\n\t\t\t\t\t<div class=\"wc-block-grid__product-image\"><img fetchpriority=\"high\" decoding=\"async\" width=\"400\" height=\"400\" src=\"https:\/\/evapapucs.hu\/wp-content\/uploads\/2020\/10\/placeholder-600x600.jpg\" class=\"attachment-woocommerce_thumbnail size-woocommerce_thumbnail\" alt=\"Smartic\" srcset=\"https:\/\/evapapucs.hu\/wp-content\/uploads\/2020\/10\/placeholder-600x600.jpg 600w, https:\/\/evapapucs.hu\/wp-content\/uploads\/2020\/10\/placeholder-300x300.jpg 300w, https:\/\/evapapucs.hu\/wp-content\/uploads\/2020\/10\/placeholder-150x150.jpg 150w, https:\/\/evapapucs.hu\/wp-content\/uploads\/2020\/10\/placeholder-768x768.jpg 768w, https:\/\/evapapucs.hu\/wp-content\/uploads\/2020\/10\/placeholder-100x100.jpg 100w, https:\/\/evapapucs.hu\/wp-content\/uploads\/2020\/10\/placeholder-50x50.jpg 50w, https:\/\/evapapucs.hu\/wp-content\/uploads\/2020\/10\/placeholder.jpg 1000w\" sizes=\"(max-width: 400px) 100vw, 400px\" \/><\/div>\n\t\t\t\t\t<div class=\"wc-block-grid__product-title\">Lightweight Iron Chair<\/div>\n\t\t\t\t<\/a>\n\t\t\t\t<div class=\"wc-block-grid__product-price price\"><span class=\"woocommerce-Price-amount amount\">711,25&nbsp;<span class=\"woocommerce-Price-currencySymbol\">&#070;&#116;<\/span><\/span><\/div>\n\t\t\t\t\n\t\t\t\t<div class=\"wp-block-button wc-block-grid__product-add-to-cart\"><a href=\"\/index.php\/wp-json\/wp\/v2\/pages\/7?add-to-cart=29513\" aria-label=\"Kos\u00e1rba: &ldquo;Lightweight Iron Chair&rdquo;\" data-quantity=\"1\" data-product_id=\"29513\" data-product_sku=\"lightweight-iron-chair-96254967\" data-price=\"711.25\" rel=\"nofollow\" class=\"wp-block-button__link  add_to_cart_button ajax_add_to_cart\">Kos\u00e1rba teszem<\/a><\/div>\n\t\t\t<\/li><\/ul><\/div><\/div>\n<\/div>\n","protected":false},"excerpt":{"rendered":"","protected":false},"author":1,"featured_media":0,"parent":0,"menu_order":0,"comment_status":"closed","ping_status":"closed","template":"","meta":{"footnotes":""},"class_list":["post-7","page","type-page","status-publish","hentry"],"_links":{"self":[{"href":"https:\/\/evapapucs.hu\/index.php\/wp-json\/wp\/v2\/pages\/7","targetHints":{"allow":["GET"]}}],"collection":[{"href":"https:\/\/evapapucs.hu\/index.php\/wp-json\/wp\/v2\/pages"}],"about":[{"href":"https:\/\/evapapucs.hu\/index.php\/wp-json\/wp\/v2\/types\/page"}],"author":[{"embeddable":true,"href":"https:\/\/evapapucs.hu\/index.php\/wp-json\/wp\/v2\/users\/1"}],"replies":[{"embeddable":true,"href":"https:\/\/evapapucs.hu\/index.php\/wp-json\/wp\/v2\/comments?post=7"}],"version-history":[{"count":0,"href":"https:\/\/evapapucs.hu\/index.php\/wp-json\/wp\/v2\/pages\/7\/revisions"}],"wp:attachment":[{"href":"https:\/\/evapapucs.hu\/index.php\/wp-json\/wp\/v2\/media?parent=7"}],"curies":[{"name":"wp","href":"https:\/\/api.w.org\/{rel}","templated":true}]}}